{"id":438,"date":"2017-04-10T06:50:23","date_gmt":"2017-04-10T06:50:23","guid":{"rendered":"http:\/\/www.multipurposethemes.com\/wordpressdemo\/corporate\/corp05\/?page_id=2"},"modified":"2018-02-21T21:17:01","modified_gmt":"2018-02-21T21:17:01","slug":"home","status":"publish","type":"page","link":"https:\/\/garciamazin.com\/es\/","title":{"rendered":"Inicio"},"content":{"rendered":"<p>[vc_row full_width=\u00bbstretch_row_content_no_spaces\u00bb][vc_column][vc_column_text]\n\t\t\t<!-- START Home REVOLUTION SLIDER 6.2.22 --><p class=\"rs-p-wp-fix\"><\/p>\n\t\t\t<rs-module-wrap id=\"rev_slider_1_1_wrapper\" data-source=\"gallery\" style=\"background:transparent;padding:0;margin:0px auto;margin-top:0;margin-bottom:0;\">\n\t\t\t\t<rs-module id=\"rev_slider_1_1\" style=\"\" data-version=\"6.2.22\">\n\t\t\t\t\t<rs-slides>\n\t\t\t\t\t\t<rs-slide data-key=\"rs-5\" data-title=\"Slide\" data-duration=\"7990\" data-anim=\"ei:d;eo:d;s:600;r:0;t:fade;sl:d;\">\n\t\t\t\t\t\t\t<img loading=\"lazy\" decoding=\"async\" src=\"\/\/garciamazin.com\/es\/wp-content\/uploads\/2018\/12\/Los-mejores-abogados-de-Puerto-Vallarta-001B.jpg\" title=\"Los-mejores-abogados-de-Puerto-Vallarta-001B\" width=\"1500\" height=\"755\" class=\"rev-slidebg\" data-no-retina>\n<!---->\t\t\t\t\t\t<\/rs-slide>\n\t\t\t\t\t\t<rs-slide data-key=\"rs-7\" data-title=\"Slide\" data-duration=\"8010\" data-anim=\"ei:d;eo:d;s:600;r:0;t:fade;sl:d;\">\n\t\t\t\t\t\t\t<img loading=\"lazy\" decoding=\"async\" src=\"\/\/garciamazin.com\/es\/wp-content\/uploads\/2018\/12\/Abogados-en-Puerto-Vallarta-Jose-Luis-Garcia-Mazin-B.jpg\" title=\"Abogados-en-Puerto-Vallarta-Jose-Luis-Garcia-Mazin-B\" width=\"1500\" height=\"755\" class=\"rev-slidebg\" data-no-retina>\n<!---->\t\t\t\t\t\t<\/rs-slide>\n\t\t\t\t\t\t<rs-slide data-key=\"rs-4\" data-title=\"Slide\" data-duration=\"7010\" data-anim=\"ei:d;eo:d;s:600;r:0;t:fade;sl:d;\">\n\t\t\t\t\t\t\t<img loading=\"lazy\" decoding=\"async\" src=\"\/\/garciamazin.com\/es\/wp-content\/uploads\/2018\/12\/Puerto-Vallarta-Condominuim-Contracts-001B.jpg\" title=\"Puerto-Vallarta-Condominuim-Contracts-001B\" width=\"1500\" height=\"755\" class=\"rev-slidebg\" data-no-retina>\n<!---->\t\t\t\t\t\t<\/rs-slide>\n\t\t\t\t\t\t<rs-slide data-key=\"rs-8\" data-title=\"Slide\" data-duration=\"6990\" data-anim=\"ei:d;eo:d;s:600;r:0;t:fade;sl:d;\">\n\t\t\t\t\t\t\t<img loading=\"lazy\" decoding=\"async\" src=\"\/\/garciamazin.com\/es\/wp-content\/uploads\/2018\/12\/Abogados-en-Puerto-Vallarta-Jose-Luis-Garcia-Mazin-00-2B.jpg\" title=\"Abogados-en-Puerto-Vallarta-Jose-Luis-Garcia-Mazin-00-2B\" width=\"1500\" height=\"755\" class=\"rev-slidebg\" data-no-retina>\n<!---->\t\t\t\t\t\t<\/rs-slide>\n\t\t\t\t\t<\/rs-slides>\n\t\t\t\t<\/rs-module>\n\t\t\t\t<script type=\"text\/javascript\">\n\t\t\t\t\tsetREVStartSize({c: 'rev_slider_1_1',rl:[1240,1024,778,480],el:[700],gw:[1240],gh:[700],type:'standard',justify:'',layout:'fullwidth',mh:\"0\"});\n\t\t\t\t\tvar\trevapi1,\n\t\t\t\t\t\ttpj;\n\t\t\t\t\tfunction revinit_revslider11() {\n\t\t\t\t\tjQuery(function() {\n\t\t\t\t\t\ttpj = jQuery;\n\t\t\t\t\t\trevapi1 = tpj(\"#rev_slider_1_1\");\n\t\t\t\t\t\tif(revapi1==undefined || revapi1.revolution == undefined){\n\t\t\t\t\t\t\trevslider_showDoubleJqueryError(\"rev_slider_1_1\");\n\t\t\t\t\t\t}else{\n\t\t\t\t\t\t\trevapi1.revolution({\n\t\t\t\t\t\t\t\tsliderLayout:\"fullwidth\",\n\t\t\t\t\t\t\t\tvisibilityLevels:\"1240,1024,778,480\",\n\t\t\t\t\t\t\t\tgridwidth:1240,\n\t\t\t\t\t\t\t\tgridheight:700,\n\t\t\t\t\t\t\t\tspinner:\"spinner0\",\n\t\t\t\t\t\t\t\tperspective:600,\n\t\t\t\t\t\t\t\tperspectiveType:\"local\",\n\t\t\t\t\t\t\t\teditorheight:\"700,768,960,100\",\n\t\t\t\t\t\t\t\tresponsiveLevels:\"1240,1024,778,480\",\n\t\t\t\t\t\t\t\tprogressBar:{disableProgressBar:true},\n\t\t\t\t\t\t\t\tnavigation: {\n\t\t\t\t\t\t\t\t\tonHoverStop:false\n\t\t\t\t\t\t\t\t},\n\t\t\t\t\t\t\t\tfallbacks: {\n\t\t\t\t\t\t\t\t\tallowHTML5AutoPlayOnAndroid:true\n\t\t\t\t\t\t\t\t},\n\t\t\t\t\t\t\t});\n\t\t\t\t\t\t}\n\t\t\t\t\t\t\n\t\t\t\t\t});\n\t\t\t\t\t} \/\/ End of RevInitScript\n\t\t\t\tvar once_revslider11 = false;\n\t\t\t\tif (document.readyState === \"loading\") {document.addEventListener('readystatechange',function() { if((document.readyState === \"interactive\" || document.readyState === \"complete\") && !once_revslider11 ) { once_revslider11 = true; revinit_revslider11();}});} else {once_revslider11 = true; revinit_revslider11();}\n\t\t\t\t<\/script>\n\t\t\t<\/rs-module-wrap>\n\t\t\t<!-- END REVOLUTION SLIDER -->\n[\/vc_column_text][\/vc_column][\/vc_row][vc_row el_class=\u00bbabout-us\u00bb][vc_column width=\u00bb2\/3&#8243; el_class=\u00bbleft-side \u00ab][vc_custom_heading text=\u00bbQUIENES SOMOS\u00bb font_container=\u00bbtag:h6|text_align:left|color:%2346c6fb\u00bb google_fonts=\u00bbfont_family:Oswald%3A300%2Cregular%2C700|font_style:400%20regular%3A400%3Anormal\u00bb][vc_custom_heading text=\u00bbSOBRE NUESTRA FIRMA\u00bb font_container=\u00bbtag:h2|text_align:left|color:%23333333&#8243; google_fonts=\u00bbfont_family:Oswald%3A300%2Cregular%2C700|font_style:700%20bold%20regular%3A700%3Anormal\u00bb][vc_empty_space height=\u00bb20px\u00bb][vc_single_image image=\u00bb17&#8243; css=\u00bb.vc_custom_1496128763342{margin-bottom: 0px !important;}\u00bb el_class=\u00bbseperator\u00bb][vc_column_text]Representamos a nuestros clientes de manera responsable, puntual y profesional.\u00a0 Como un despacho peque\u00f1o, ofrecemos atenci\u00f3n personalizada a nuestros clientes y somos extremadamente accesibles.<\/p>\n<p>Buscamos soluciones pr\u00e1cticas e inteligentes para los asuntos que nos encomiendan nuestros clientes y Cuidamos como propios los intereses de nuestros clientes<\/p>\n<p>La comunicaci\u00f3n con nuestro clientes debe ser constante, clara y precisa, mantenerlos informados de los asuntos que nos encomiendan es una prioridad.<\/p>\n<p>Nuestros clientes incluyen desarrolladores, propietarios, copropietarios, condominios, administradores de propiedades, contratistas, constructores, empresas y personas f\u00edsicas involucradas en proyectos de construcci\u00f3n o transacciones inmobiliarias todos en Puerto Vallarta, Nuevo Vallarta, Bucer\u00edas, Punta de Mita, Riviera Nayarit y fuera de la zona.[\/vc_column_text][\/vc_column][vc_column width=\u00bb1\/3&#8243; el_class=\u00bbright-side\u00bb][vc_custom_heading text=\u00bb\u00bfNecesitas asesor\u00eda?, cont\u00e1ctanos.\u00bb font_container=\u00bbtag:h2|text_align:center|color:%23ffffff\u00bb google_fonts=\u00bbfont_family:Oswald%3A300%2Cregular%2C700|font_style:700%20bold%20regular%3A700%3Anormal\u00bb][vc_empty_space height=\u00bb20px\u00bb][vc_single_image image=\u00bb17&#8243; alignment=\u00bbcenter\u00bb css=\u00bb.vc_custom_1496920975437{margin-bottom: 0px !important;}\u00bb el_class=\u00bbseperator\u00bb]\n<div class=\"wpcf7 no-js\" id=\"wpcf7-f384-o1\" lang=\"en-US\" dir=\"ltr\" data-wpcf7-id=\"384\">\n<div class=\"screen-reader-response\"><p role=\"status\" aria-live=\"polite\" aria-atomic=\"true\"><\/p> <ul><\/ul><\/div>\n<form action=\"\/es\/wp-json\/wp\/v2\/pages\/438#wpcf7-f384-o1\" method=\"post\" class=\"wpcf7-form init\" aria-label=\"Contact form\" novalidate=\"novalidate\" data-status=\"init\">\n<fieldset class=\"hidden-fields-container\"><input type=\"hidden\" name=\"_wpcf7\" value=\"384\" \/><input type=\"hidden\" name=\"_wpcf7_version\" value=\"6.1.5\" \/><input type=\"hidden\" name=\"_wpcf7_locale\" value=\"en_US\" \/><input type=\"hidden\" name=\"_wpcf7_unit_tag\" value=\"wpcf7-f384-o1\" \/><input type=\"hidden\" name=\"_wpcf7_container_post\" value=\"0\" \/><input type=\"hidden\" name=\"_wpcf7_posted_data_hash\" value=\"\" \/><input type=\"hidden\" name=\"_wpcf7_recaptcha_response\" value=\"\" \/>\n<\/fieldset>\n<div class=\"quote\">\n\t<p><span class=\"wpcf7-form-control-wrap\" data-name=\"your-name\"><input size=\"40\" maxlength=\"400\" class=\"wpcf7-form-control wpcf7-text wpcf7-validates-as-required\" aria-required=\"true\" aria-invalid=\"false\" placeholder=\"Nombre\" value=\"\" type=\"text\" name=\"your-name\" \/><\/span>\n\t<\/p>\n\t<p><span class=\"wpcf7-form-control-wrap\" data-name=\"your-email\"><input size=\"40\" maxlength=\"400\" class=\"wpcf7-form-control wpcf7-email wpcf7-validates-as-required wpcf7-text wpcf7-validates-as-email\" aria-required=\"true\" aria-invalid=\"false\" placeholder=\"Correo electr\u00f3nico\" value=\"\" type=\"email\" name=\"your-email\" \/><\/span>\n\t<\/p>\n\t<p><span class=\"wpcf7-form-control-wrap\" data-name=\"tel-463\"><input size=\"40\" maxlength=\"400\" class=\"wpcf7-form-control wpcf7-tel wpcf7-text wpcf7-validates-as-tel\" aria-invalid=\"false\" placeholder=\"N\u00famero de celular\" value=\"\" type=\"tel\" name=\"tel-463\" \/><\/span>\n\t<\/p>\n\t<p><span class=\"wpcf7-form-control-wrap\" data-name=\"message\"><textarea cols=\"40\" rows=\"4\" maxlength=\"2000\" class=\"wpcf7-form-control wpcf7-textarea wpcf7-validates-as-required\" aria-required=\"true\" aria-invalid=\"false\" placeholder=\"Mensaje\" name=\"message\"><\/textarea><\/span>\n\t<\/p>\n\t<p>\n\t\n\t<\/p>\n\t<p><input class=\"wpcf7-form-control wpcf7-submit has-spinner\" type=\"submit\" value=\"ENVIAR\" \/>\n\t<\/p>\n<\/div><div class=\"wpcf7-response-output\" aria-hidden=\"true\"><\/div>\n<\/form>\n<\/div>\n[\/vc_column][\/vc_row][vc_row full_width=\u00bbstretch_row\u00bb el_class=\u00bbour-services\u00bb][vc_column][vc_custom_heading text=\u00bbNUESTROS SERVICIOS\u00bb font_container=\u00bbtag:h2|text_align:center|color:%23333333&#8243; google_fonts=\u00bbfont_family:Oswald%3A300%2Cregular%2C700|font_style:700%20bold%20regular%3A700%3Anormal\u00bb el_class=\u00bbat-text-uppercase\u00bb][vc_empty_space height=\u00bb20px\u00bb][vc_single_image image=\u00bb17&#8243; img_size=\u00bbfull\u00bb alignment=\u00bbcenter\u00bb css=\u00bb.vc_custom_1496124894442{margin-bottom: 0px !important;}\u00bb el_class=\u00bbseperator\u00bb][vc_column_text el_class=\u00bbsection-title\u00bb]Mi pr\u00e1ctica profesional se enfoca principalmente en el \u00e1rea del derecho Civil, y en particular en el tema de, Condominio, Inmobiliario, Contratos y Litigios Civiles.[\/vc_column_text][vc_empty_space height=\u00bb10px\u00bb][vc_empty_space height=\u00bb10px\u00bb][vc_row_inner el_class=\u00bbmain-container\u00bb][vc_column_inner el_class=\u00bbservice-block\u00bb width=\u00bb1\/4&#8243;][vc_icon icon_fontawesome=\u00bbfa fa-building\u00bb color=\u00bbcustom\u00bb size=\u00bblg\u00bb align=\u00bbcenter\u00bb link=\u00bburl:http%3A%2F%2Fgarciamazin.com%2Fes%2Fservicios%2F||\u00bb][vc_custom_heading text=\u00bbCONDOMINIO\u00bb font_container=\u00bbtag:h4|text_align:center|color:%23333333&#8243; google_fonts=\u00bbfont_family:Oswald%3A300%2Cregular%2C700|font_style:400%20regular%3A400%3Anormal\u00bb link=\u00bburl:http%3A%2F%2Fgarciamazin.com%2Fes%2Fservicios%2F||\u00bb][\/vc_column_inner][vc_column_inner el_class=\u00bbservice-block\u00bb width=\u00bb1\/4&#8243;][vc_icon icon_fontawesome=\u00bbfa fa-university\u00bb color=\u00bbcustom\u00bb size=\u00bblg\u00bb align=\u00bbcenter\u00bb link=\u00bburl:http%3A%2F%2Fgarciamazin.com%2Fes%2Fservicios%2F||\u00bb][vc_custom_heading text=\u00bbINMOBILIARIO\u00bb font_container=\u00bbtag:h4|text_align:center|color:%23333333&#8243; google_fonts=\u00bbfont_family:Oswald%3A300%2Cregular%2C700|font_style:400%20regular%3A400%3Anormal\u00bb el_class=\u00bbat-text-uppercase\u00bb link=\u00bburl:http%3A%2F%2Fgarciamazin.com%2Fes%2Fservicios%2F||\u00bb][\/vc_column_inner][vc_column_inner el_class=\u00bbservice-block\u00bb width=\u00bb1\/4&#8243;][vc_icon icon_fontawesome=\u00bbfa fa-file-text-o\u00bb color=\u00bbcustom\u00bb size=\u00bblg\u00bb align=\u00bbcenter\u00bb link=\u00bburl:http%3A%2F%2Fgarciamazin.com%2Fes%2Fservicios%2F||\u00bb][vc_custom_heading text=\u00bbCONTRATOS\u00bb font_container=\u00bbtag:h4|text_align:center|color:%23333333&#8243; google_fonts=\u00bbfont_family:Oswald%3A300%2Cregular%2C700|font_style:400%20regular%3A400%3Anormal\u00bb link=\u00bburl:http%3A%2F%2Fgarciamazin.com%2Fes%2Fservicios%2F||\u00bb][\/vc_column_inner][vc_column_inner el_class=\u00bbservice-block\u00bb width=\u00bb1\/4&#8243;][vc_icon icon_fontawesome=\u00bbfa fa-users\u00bb color=\u00bbcustom\u00bb size=\u00bblg\u00bb align=\u00bbcenter\u00bb link=\u00bburl:http%3A%2F%2Fgarciamazin.com%2Fes%2Fservicios%2F||\u00bb][vc_custom_heading text=\u00bbCIVIL\u00bb font_container=\u00bbtag:h4|text_align:center|color:%23333333&#8243; google_fonts=\u00bbfont_family:Oswald%3A300%2Cregular%2C700|font_style:400%20regular%3A400%3Anormal\u00bb link=\u00bburl:http%3A%2F%2Fgarciamazin.com%2Fes%2Fservicios%2F||\u00bb][\/vc_column_inner][\/vc_row_inner][vc_empty_space height=\u00bb20px\u00bb][vc_empty_space height=\u00bb20px\u00bb][\/vc_column][\/vc_row][vc_row full_width=\u00bbstretch_row\u00bb css=\u00bb.vc_custom_1496148836851{padding-top: 50px !important;background-color: #f3f3f3 !important;}\u00bb el_class=\u00bbabout\u00bb][vc_column width=\u00bb1\/2&#8243; el_class=\u00bbleft-side\u00bb][vc_single_image image=\u00bb590&#8243; img_size=\u00bblarge\u00bb alignment=\u00bbcenter\u00bb el_class=\u00bbabout-img\u00bb css=\u00bb.vc_custom_1510523696488{margin-bottom: 0px !important;}\u00bb][\/vc_column][vc_column width=\u00bb1\/2&#8243; el_class=\u00bbwhy-us\u00bb][vc_custom_heading text=\u00bbQUIENES SOMOS\u00bb font_container=\u00bbtag:h6|text_align:left|color:%2346c6fb\u00bb google_fonts=\u00bbfont_family:Oswald%3A300%2Cregular%2C700|font_style:400%20regular%3A400%3Anormal\u00bb][vc_custom_heading text=\u00bb\u00bfPORQU\u00c9 NOSOTROS?\u00bb font_container=\u00bbtag:h2|text_align:left|color:%23333333&#8243; google_fonts=\u00bbfont_family:Oswald%3A300%2Cregular%2C700|font_style:700%20bold%20regular%3A700%3Anormal\u00bb][vc_empty_space height=\u00bb20px\u00bb][vc_single_image image=\u00bb17&#8243; css=\u00bb.vc_custom_1496128763342{margin-bottom: 0px !important;}\u00bb el_class=\u00bbseperator\u00bb][vc_column_text]Hemos representado a un gran n\u00famero de clientes nacionales y extranjeros, principalmente de Estados Unidos y Canad\u00e1 en asuntos relacionados con las \u00e1reas de nuestra especialidad.<\/p>\n<p>Me encuentro en la lista de abogados que recomienda el consulado Americano y Canadiense.<\/p>\n<p>Estos son algunos de nuestros clientes:<\/p>\n<p>En Puerto Vallarta:<\/p>\n<p>Condominio Selva Rom\u00e1ntica, Condominio Club Alexandra, Condominio Puesta del Sol , Condominio Copa de Oro, Puerto M\u00e1gico S. de R.L. de C.V., Casa Guillermo , Vallarta Eats, Monzon Brewing Co., Chocomuseo de Puerto Vallarta , Instituto Anglo<\/p>\n<p>En Nayarit:<\/p>\n<p>Condominio Playa Royale (Nuevo Vallarta), Condominio Taheima (Nuevo Vallarta), Condominio Los Crotos (Nuevo Vallarta), Condominio Vista Bah\u00eda (Bucer\u00edas), La Vitta Condominios (Guayabitos)[\/vc_column_text][vc_tta_accordion color=\u00bbwhite\u00bb c_position=\u00bbright\u00bb active_section=\u00bb1&#8243;][vc_tta_section title=\u00bbPrevenci\u00f3n\u00bb tab_id=\u00bb1496929608083-d9d1e917-a632&#8243;][vc_column_text]Enfocamos nuestros servicios en la prevenci\u00f3n, la asesor\u00eda oportuna y provisoria, ayudando a reducir considerablemente las posibilidades de conflictos litigiosos.[\/vc_column_text][\/vc_tta_section][vc_tta_section title=\u00bbRepresentaci\u00f3n\u00bb tab_id=\u00bb1496929739922-0072161e-fa13&#8243;][vc_column_text]Representamos a nuestros clientes de manera responsable, puntual y profesional.[\/vc_column_text][\/vc_tta_section][vc_tta_section title=\u00bbSoluciones\u00bb tab_id=\u00bb1497007496148-8f9a0e98-7ed3&#8243;][vc_column_text]Buscamos soluciones pr\u00e1cticas e inteligentes para los asuntos que nos encomiendan, cuidando como propios los intereses de nuestros clientes.[\/vc_column_text][\/vc_tta_section][vc_tta_section title=\u00bbComunicaci\u00f3n\u00bb tab_id=\u00bb1497007553409-97e4ab21-4ad7&#8243;][vc_column_text]Cuidamos detalladamente la comunicaci\u00f3n con nuestros clientes, buscamos que sea constante, clara y precisa.[\/vc_column_text][\/vc_tta_section][\/vc_tta_accordion][\/vc_column][\/vc_row][vc_row el_class=\u00bbattorneys our-attorney\u00bb][vc_column][\/vc_column][\/vc_row][vc_row full_width=\u00bbstretch_row_content\u00bb css=\u00bb.vc_custom_1496930129343{background-color: #46c6fb !important;}\u00bb][vc_column width=\u00bb1\/6&#8243;][vc_single_image image=\u00bb686&#8243; img_size=\u00bbfull\u00bb alignment=\u00bbcenter\u00bb][\/vc_column][vc_column width=\u00bb1\/6&#8243;][vc_single_image image=\u00bb667&#8243; img_size=\u00bbfull\u00bb alignment=\u00bbcenter\u00bb onclick=\u00bbcustom_link\u00bb link=\u00bbhttps:\/\/garciamazin.com\/es\/servicios\/\u00bb][\/vc_column][vc_column width=\u00bb1\/6&#8243;][vc_single_image image=\u00bb657&#8243; img_size=\u00bbfull\u00bb alignment=\u00bbcenter\u00bb][\/vc_column][vc_column width=\u00bb1\/6&#8243;][vc_single_image image=\u00bb660&#8243; img_size=\u00bbfull\u00bb alignment=\u00bbcenter\u00bb][\/vc_column][vc_column width=\u00bb1\/6&#8243;][vc_single_image image=\u00bb665&#8243; img_size=\u00bbfull\u00bb alignment=\u00bbcenter\u00bb][\/vc_column][vc_column width=\u00bb1\/6&#8243;][vc_single_image image=\u00bb658&#8243; img_size=\u00bbfull\u00bb alignment=\u00bbcenter\u00bb][\/vc_column][\/vc_row][vc_row][vc_column][vc_column_text]<\/p>\n<h2 style=\"text-align: center;\">Lo que dicen nuestros clientes<\/h2>\n<p>&nbsp;<\/p>\n<p style=\"text-align: center;\">Jos\u00e9 Luis,<br \/>\nComo tus clientes solo nos queda decir que llevaste a cabo nuestra venta con profesionalismo, honestidad y siempre como un fuerte apoyo a lo largo de la negociaci\u00f3n. Siempre diste ese esfuerzo extra que garantizo la funcionalidad. Has sido de gran ayuda y es un placer trabajar contigo.<br \/>\nMis mejores deseos,<br \/>\nLarry Klaus<br \/>\nReal Estate Buyer<\/p>\n<hr \/>\n<p style=\"text-align: center;\">La asesor\u00eda y apoyo legal de Jose Luis fue crucial en la asociaci\u00f3n y desarrollo de nuestro condominio. Gracias a su conocimiento y experiencia legal, no solo fue capaz de responder nuestras intrigas, sino que tambi\u00e9n anticipo problemas futuros, sugiriendo pasos y estrategias que servir\u00edan para hacer efectivo cualquier inconveniente. Si me enfrentara con un problema en el futuro, recurrir\u00eda sin duda alguna con Jose Luis.<br \/>\nRon Hicks<br \/>\nLa Vitta Condominium HOA President<\/p>\n<hr \/>\n<p style=\"text-align: center;\">Jose Luis ha sido nuestro abogado los \u00faltimos 4 a\u00f1os en Condominios Taheima en Nuevo Vallarta. Nos ha ayudado con una gran variedad de problemas legales que nos dejo el desarrollador canadiense que abandono el proyecto y pa\u00eds con mas de la mitad de los propietarios sin escrituras.<br \/>\nJos\u00e9 Luis nos ha ayudado a lo largo de esta dif\u00edcil situaci\u00f3n y me enorgullece poder decir que despu\u00e9s de cuatro a\u00f1os hemos concluido con estos problemas legales. Sin duda recomiendo a Jose Luis debido a su experiencia en diferentes \u00e1mbitos de bienes ra\u00edces y manejo legal de condominios.<br \/>\nPat Bryan<br \/>\nTaheima HOA President<\/p>\n<hr \/>\n<p style=\"text-align: center;\">El se\u00f1or Jos\u00e9 Luis Garc\u00eda Mazin ha representado nuestro condominio en diferentes ocasiones con disputas, estatutos del condominio, etc. Es una persona honesta y honrada, que siempre esta al tanto de tu problema. Su capacidad legal nos ha ayudado con resoluci\u00f3n de asuntos proveyendo apoyo, soporte y asesor\u00eda legal. Es un placer conocerlo y trabajar con \u00e9l y definitivamente lo recomiendo como abogado y amigo.<br \/>\nSusan Harries<br \/>\nHOM president Cond. Club Alexandra<\/p>\n<p>[\/vc_column_text][vc_empty_space height=\u00bb20px\u00bb css=\u00bb.vc_custom_1518642152382{background-color: #cccccc !important;}\u00bb][vc_column_text]<\/p>\n<h2 style=\"text-align: center;\">Nuestros Clientes<\/h2>\n<p style=\"text-align: center;\">En Puerto Vallarta:<\/p>\n<p style=\"text-align: center;\">Condominio Selva Rom\u00e1ntica, Condominio Club Alexandra, Condominio Puesta del Sol , Condominio Copa de Oro, Puerto M\u00e1gico S. de R.L. de C.V., Casa Guillermo , Vallarta Eats, Monzon Brewing Co., Chocomuseo de Puerto Vallarta , Instituto Anglo<\/p>\n<p style=\"text-align: center;\">En Nayarit:<\/p>\n<p style=\"text-align: center;\">Condominio Playa Royale (Nuevo Vallarta), Condominio Taheima (Nuevo Vallarta), Condominio Los Crotos (Nuevo Vallarta), Condominio Vista Bah\u00eda (Bucer\u00edas), La Vitta Condominios (Guayabitos)<\/p>\n<p style=\"text-align: center;\">Otros Clientes:<\/p>\n<p style=\"text-align: center;\">Condominio Copa de Oro, Condominio Plaza Dorada, Mesa Moral S.A. de C.V.<\/p>\n<p>[\/vc_column_text][\/vc_column][\/vc_row]<\/p>\n","protected":false},"excerpt":{"rendered":"<p>[vc_row full_width=\u00bbstretch_row_content_no_spaces\u00bb][vc_column][vc_column_text][\/vc_column_text][\/vc_column][\/vc_row][vc_row el_class=\u00bbabout-us\u00bb][vc_column width=\u00bb2\/3&#8243; el_class=\u00bbleft-side \u00ab][vc_custom_heading text=\u00bbQUIENES SOMOS\u00bb font_container=\u00bbtag:h6|text_align:left|color:%2346c6fb\u00bb google_fonts=\u00bbfont_family:Oswald%3A300%2Cregular%2C700|font_style:400%20regular%3A400%3Anormal\u00bb][vc_custom_heading text=\u00bbSOBRE NUESTRA FIRMA\u00bb font_container=\u00bbtag:h2|text_align:left|color:%23333333&#8243; google_fonts=\u00bbfont_family:Oswald%3A300%2Cregular%2C700|font_style:700%20bold%20regular%3A700%3Anormal\u00bb][vc_empty_space height=\u00bb20px\u00bb][vc_single_image image=\u00bb17&#8243; css=\u00bb.vc_custom_1496128763342{margin-bottom: 0px !important;}\u00bb el_class=\u00bbseperator\u00bb][vc_column_text]Representamos a nuestros clientes de manera responsable, puntual y profesional.\u00a0 Como un despacho peque\u00f1o, ofrecemos atenci\u00f3n personalizada a nuestros clientes y somos extremadamente accesibles. Buscamos soluciones pr\u00e1cticas e inteligentes para los asuntos que nos encomiendan [&hellip;]<\/p>\n","protected":false},"author":1,"featured_media":0,"parent":0,"menu_order":0,"comment_status":"closed","ping_status":"closed","template":"","meta":{"footnotes":""},"class_list":["post-438","page","type-page","status-publish","hentry"],"_links":{"self":[{"href":"https:\/\/garciamazin.com\/es\/wp-json\/wp\/v2\/pages\/438","targetHints":{"allow":["GET"]}}],"collection":[{"href":"https:\/\/garciamazin.com\/es\/wp-json\/wp\/v2\/pages"}],"about":[{"href":"https:\/\/garciamazin.com\/es\/wp-json\/wp\/v2\/types\/page"}],"author":[{"embeddable":true,"href":"https:\/\/garciamazin.com\/es\/wp-json\/wp\/v2\/users\/1"}],"replies":[{"embeddable":true,"href":"https:\/\/garciamazin.com\/es\/wp-json\/wp\/v2\/comments?post=438"}],"version-history":[{"count":59,"href":"https:\/\/garciamazin.com\/es\/wp-json\/wp\/v2\/pages\/438\/revisions"}],"predecessor-version":[{"id":696,"href":"https:\/\/garciamazin.com\/es\/wp-json\/wp\/v2\/pages\/438\/revisions\/696"}],"wp:attachment":[{"href":"https:\/\/garciamazin.com\/es\/wp-json\/wp\/v2\/media?parent=438"}],"curies":[{"name":"wp","href":"https:\/\/api.w.org\/{rel}","templated":true}]}}