{"id":367,"date":"2017-06-08T10:24:52","date_gmt":"2017-06-08T10:24:52","guid":{"rendered":"http:\/\/www.multipurposethemes.com\/wordpressdemo\/corporate\/corp05\/?page_id=367"},"modified":"2018-12-13T20:46:54","modified_gmt":"2018-12-13T20:46:54","slug":"preguntas-frecuentes","status":"publish","type":"page","link":"https:\/\/garciamazin.com\/es\/preguntas-frecuentes\/","title":{"rendered":"Preguntas frecuentes"},"content":{"rendered":"<p>[vc_row el_class=\u00bbattorneys\u00bb][vc_column][vc_empty_space height=\u00bb20px\u00bb][vc_column_text el_class=\u00bbsection-title\u00bb]<\/p>\n<h4><strong>Como deben de cobrarse las cuotas de mantenimiento?<\/strong><\/h4>\n<p>Las cuotas de mantenimiento de un condominio se cobran en base al porcentaje que sobre el condominio represente cada unidad privativa. Dicho porcentaje de proindiviso se encuentra estipulado en la escritura constitutiva del r\u00e9gimen de condominio y en los t\u00edtulos de propiedad\/fideicomisos de cada una de las unidades privativas.<\/p>\n<h4><strong>Pueden tratarse asuntos generales en una asamblea de cond\u00f3minos que no est\u00e9n contemplados en la orden del d\u00eda\/agenda?<\/strong><\/h4>\n<p>Si se pueden tratar asuntos generales a\u00fan cuando no est\u00e9n en la orden del d\u00eda sin embargo estos NO tendr\u00e1n fuerza legal alguna a menos que hayan estado representados la totalidad de los intereses del condominio por lo que no se recomienda que dentro de dichos asuntos generales se tomen decisiones relevantes para el condominio ya que no ser\u00e1n de car\u00e1cter obligatorio para los cond\u00f3minos sin embargo estos pueden servir para informar a los cond\u00f3minos sobre temas de inter\u00e9s com\u00fan.<\/p>\n<h4><strong>Puede una unida privativa de un condominio separarse del Condominio.<\/strong><\/h4>\n<p>En mi opini\u00f3n esto si ser\u00eda factible si el 100% de los cond\u00f3minos lo aprueba de lo contrario no se podr\u00eda por las siguientes razones:<\/p>\n<p>a) la ley establece que la titularidad exclusiva est\u00e1 referida porcentualmente a las \u00e1reas y bienes de uso com\u00fan, los que no podr\u00e1n ser objeto de acci\u00f3n divisoria y son inseparables de la propiedad individual;<\/p>\n<p>b) de separarse una unidad privativa se afectar\u00edan los intereses del resto de las unidades privativas aumentando forzosamente su proindiviso lo cual no puede suceder sin el consentimiento de cada propietario afectado.<\/p>\n<h4><strong>Si un cond\u00f3mino debe cuotas de mantenimiento, pude transmitir su unidad privativa aunque no entregue la carta de no adeudo de la administraci\u00f3n del condominio.<\/strong><\/h4>\n<p>Si puede.<\/p>\n<p>Si bien es cierto la ley se\u00f1ala que cuando se transmita la propiedad de una unidad privativa el notario deber\u00e1 exigir a la parte vendedora le entregue la constancia de no adeudo expedida por el administrador del condominio, este exigencia se limita \u00fanicamente a obligar al notario ante quien se realice la transmisi\u00f3n a solicitar dicha constancia, pero si no se le entrega el puede a\u00fan as\u00ed, llevar a cabo la escritura haciendo la advertencia de que no le fue exhibida, en cuyo caso el adquirente asumir\u00e1 la responsabilidad de pago de cualquier adeudo que se tenga.<\/p>\n<h4><strong>Que se tiene que hacer para modificar el reglamento interior de un condominio.<\/strong><\/h4>\n<p>En el estado de Jalisco solo puede modificarse mediante una asamblea extraordinaria de cond\u00f3minos y la aprobaci\u00f3n de por lo menos el 75% de el total del proindiviso. La ley se\u00f1ala que las asambleas extraordinarias pueden celebrarse con el n\u00famero de cond\u00f3minos que asistan pero los acuerdos solo ser\u00e1n validos si son aprobados por cond\u00f3minos que representen cuando menos el 75% de los derechos sobre el condominio.<\/p>\n<p>En el estado de Nayarit, cualquier modificaci\u00f3n al Reglamento, se debe de acordar tambi\u00e9n en asamblea extraordinaria a la que deber\u00e1 de asistir por lo menos el 51% de los cond\u00f3minos\/propietarios pero las resoluciones requerir\u00e1n de un m\u00ednimo de votos que represente el 51% del valor del indiviso del condominio.<\/p>\n<h4><strong>En Nayarit, cual es el qu\u00f3rum necesario para una asamblea general ordinaria de cond\u00f3minos y una extraordinaria:<\/strong><\/h4>\n<p>NO existe una diferencia en el qu\u00f3rum exigido para una y otra. La ley de ese estado establece que cuando una asamblea se celebre (sin distinguir entre ordinaria o extraordinaria) en primera convocatoria es necesaria la asistencia del 75% de los cond\u00f3minos, cuando sea en segunda convocatoria se requiere solo la mayor\u00eda simple y si se celebra en tercera convocatoria ser\u00e1 v\u00e1lida con los cond\u00f3minos que asistan y sus resoluciones se tomar\u00e1n siempre por mayor\u00eda de los presentes.<\/p>\n<h4><strong>Pueden los extranjeros otorgar cartas poder para que los representen en las asambleas de cond\u00f3minos.<\/strong><\/h4>\n<p>El la mayor\u00eda de los fideicomisos de inmuebles que pertenecen a condominios, se estipula expresamente que los fideicomisarios pueden asistir y votar en las asambleas de cond\u00f3minos siempre y cuando no se discutan cuestiones de dominio\/propiedad.<\/p>\n<p>Esa facultad NO debe confundirse con una autorizaci\u00f3n para que el fideicomisario otorgue a su vez una carta poder a una tercer persona al menos que se les haya otorgado tambi\u00e9n para hacerlo en su escritura de fideicomiso.<\/p>\n<p>En caso de que no se tenga dicha autorizaci\u00f3n en sus escrituras de fideicomiso forzosamente deben de instruir por escrito al banco fiduciario para que otorgue una carta poder en favor de la persona que para tal efecto designe el propio fideicomisario.[\/vc_column_text][vc_column_text]<br \/>\n[\/vc_column_text][\/vc_column][\/vc_row][vc_row][vc_column][vc_toggle title=\u00bbLas mas comunes\u00bb el_id=\u00bb1510108522281-f4f7096f-99ac\u00bb]Toggle content goes here, click edit button to change this text.[\/vc_toggle][\/vc_column][\/vc_row]<\/p>\n","protected":false},"excerpt":{"rendered":"<p>[vc_row el_class=\u00bbattorneys\u00bb][vc_column][vc_empty_space height=\u00bb20px\u00bb][vc_column_text el_class=\u00bbsection-title\u00bb] Como deben de cobrarse las cuotas de mantenimiento? Las cuotas de mantenimiento de un condominio se cobran en base al porcentaje que sobre el condominio represente cada unidad privativa. Dicho porcentaje de proindiviso se encuentra estipulado en la escritura constitutiva del r\u00e9gimen de condominio y en los t\u00edtulos de propiedad\/fideicomisos de [&hellip;]<\/p>\n","protected":false},"author":1,"featured_media":720,"parent":0,"menu_order":0,"comment_status":"closed","ping_status":"closed","template":"","meta":{"footnotes":""},"class_list":["post-367","page","type-page","status-publish","has-post-thumbnail","hentry"],"_links":{"self":[{"href":"https:\/\/garciamazin.com\/es\/wp-json\/wp\/v2\/pages\/367","targetHints":{"allow":["GET"]}}],"collection":[{"href":"https:\/\/garciamazin.com\/es\/wp-json\/wp\/v2\/pages"}],"about":[{"href":"https:\/\/garciamazin.com\/es\/wp-json\/wp\/v2\/types\/page"}],"author":[{"embeddable":true,"href":"https:\/\/garciamazin.com\/es\/wp-json\/wp\/v2\/users\/1"}],"replies":[{"embeddable":true,"href":"https:\/\/garciamazin.com\/es\/wp-json\/wp\/v2\/comments?post=367"}],"version-history":[{"count":11,"href":"https:\/\/garciamazin.com\/es\/wp-json\/wp\/v2\/pages\/367\/revisions"}],"predecessor-version":[{"id":643,"href":"https:\/\/garciamazin.com\/es\/wp-json\/wp\/v2\/pages\/367\/revisions\/643"}],"wp:featuredmedia":[{"embeddable":true,"href":"https:\/\/garciamazin.com\/es\/wp-json\/wp\/v2\/media\/720"}],"wp:attachment":[{"href":"https:\/\/garciamazin.com\/es\/wp-json\/wp\/v2\/media?parent=367"}],"curies":[{"name":"wp","href":"https:\/\/api.w.org\/{rel}","templated":true}]}}