{"id":28,"date":"2017-04-10T10:32:32","date_gmt":"2017-04-10T10:32:32","guid":{"rendered":"http:\/\/www.multipurposethemes.com\/wordpressdemo\/corporate\/corp05\/?page_id=28"},"modified":"2018-12-13T20:43:12","modified_gmt":"2018-12-13T20:43:12","slug":"servicios","status":"publish","type":"page","link":"https:\/\/garciamazin.com\/es\/servicios\/","title":{"rendered":"Servicios"},"content":{"rendered":"<p>[vc_row full_width=\u00bbstretch_row\u00bb css=\u00bb.vc_custom_1496222705912{background-color: #f3f3f3 !important;}\u00bb el_class=\u00bbservices\u00bb][vc_column][vc_empty_space height=\u00bb20px\u00bb][vc_column_text el_class=\u00bbsection-title\u00bb]Nuestra pr\u00e1ctica profesional se enfoca principalmente en el \u00e1rea del derecho Civil, y en particular en el tema de Condominios, Inmobiliario, Contratos y Litigios Civiles relacionados con lo anterior.[\/vc_column_text][vc_empty_space height=\u00bb10px\u00bb][vc_row_inner el_class=\u00bbmain-container\u00bb][vc_column_inner el_class=\u00bbservice-block\u00bb width=\u00bb1\/4&#8243;][vc_icon icon_fontawesome=\u00bbfa fa-balance-scale\u00bb color=\u00bbcustom\u00bb size=\u00bblg\u00bb align=\u00bbcenter\u00bb][vc_custom_heading text=\u00bbCONDOMINIO\u00bb font_container=\u00bbtag:h4|text_align:center|color:%23333333&#8243; google_fonts=\u00bbfont_family:Oswald%3A300%2Cregular%2C700|font_style:400%20regular%3A400%3Anormal\u00bb][vc_column_text el_class=\u00bbhm-3-serdes\u00bb]<\/p>\n<hr \/>\n<p style=\"text-align: justify !important;\">Asesor\u00eda a cond\u00f3minos en los diversos asuntos que se les presentan en relaci\u00f3n a sus derechos y obligaciones y otros asuntos relacionados que se les pudieran presentar. Tambi\u00e9n asesoramos a la Administraci\u00f3n y el Consejo de Administraci\u00f3n en temas relacionados con organizaci\u00f3n y operaci\u00f3n del las \u00e1reas y bienes comunes y en la implementaci\u00f3n de los reglamentos, asistencia en la celebraci\u00f3n de asambleas generales, etc.<\/p>\n<p style=\"text-align: justify !important;\">Tambi\u00e9n asesoramos a desarrolladores en la constituci\u00f3n de reg\u00edmenes de condominio.<\/p>\n<p>[\/vc_column_text][\/vc_column_inner][vc_column_inner el_class=\u00bbservice-block\u00bb width=\u00bb1\/4&#8243;][vc_icon icon_fontawesome=\u00bbfa fa-university\u00bb color=\u00bbcustom\u00bb size=\u00bblg\u00bb align=\u00bbcenter\u00bb][vc_custom_heading text=\u00bbINMOBILIARIO\u00bb font_container=\u00bbtag:h4|text_align:center|color:%23333333&#8243; google_fonts=\u00bbfont_family:Oswald%3A300%2Cregular%2C700|font_style:400%20regular%3A400%3Anormal\u00bb el_class=\u00bbat-text-uppercase\u00bb][vc_column_text el_class=\u00bbhm-3-serdes\u00bb]<\/p>\n<hr \/>\n<p style=\"text-align: justify !important;\">Servimos una amplia variedad de personas en Bienes Ra\u00edces y Construcci\u00f3n.<\/p>\n<p style=\"text-align: justify !important;\">Asistimos a clientes en la compra y venta de inmuebles, (casas, condominios, terrenos y locales comerciales.<\/p>\n<p style=\"text-align: justify !important;\">Asesor\u00eda a desarrolladores inmobiliarios nacionales y extranjeros. Constituci\u00f3n de fideicomisos para la adquisici\u00f3n de inmuebles en la zona restringida.<\/p>\n<p style=\"text-align: justify !important;\">Asesoramos en los proceso legales, preparar o vetar contratos de compraventa y negociar sus t\u00e9rminos y condiciones, nos aseguramos que los contratos y las obligaciones sean cumplidas, y coordinamos el proceso de escrituraci\u00f3n y asesoramos en todos los aspectos \u00a0del proceso de negociaci\u00f3n.<\/p>\n<p>[\/vc_column_text][\/vc_column_inner][vc_column_inner el_class=\u00bbservice-block\u00bb width=\u00bb1\/4&#8243;][vc_icon icon_fontawesome=\u00bbfa fa-users\u00bb color=\u00bbcustom\u00bb size=\u00bblg\u00bb align=\u00bbcenter\u00bb][vc_custom_heading text=\u00bbCONTRATOS\u00bb font_container=\u00bbtag:h4|text_align:center|color:%23333333&#8243; google_fonts=\u00bbfont_family:Oswald%3A300%2Cregular%2C700|font_style:400%20regular%3A400%3Anormal\u00bb][vc_column_text el_class=\u00bbhm-3-serdes\u00bb]<\/p>\n<hr \/>\n<p style=\"text-align: justify !important;\">Elaboramos y negociamos los t\u00e9rminos y condiciones de contratos de Arrendamiento de inmuebles habitacionales, comerciales. Tambi\u00e9n participamos en la elaboraci\u00f3n y negociaciones de contratos para financiamientos y mutuos.<\/p>\n<p>[\/vc_column_text][\/vc_column_inner][vc_column_inner el_class=\u00bbservice-block\u00bb width=\u00bb1\/4&#8243;][vc_icon icon_fontawesome=\u00bbfa fa-file-text-o\u00bb color=\u00bbcustom\u00bb align=\u00bbcenter\u00bb custom_color=\u00bb#898989&#8243;][vc_custom_heading text=\u00bbCIVIL\u00bb font_container=\u00bbtag:h4|text_align:center|color:%23333333&#8243; google_fonts=\u00bbfont_family:Oswald%3A300%2Cregular%2C700|font_style:400%20regular%3A400%3Anormal\u00bb][vc_column_text el_class=\u00bbhm-3-serdes\u00bb]<\/p>\n<hr \/>\n<p style=\"text-align: justify !important;\">Demandas por incumplimiento, complimiento y\/o nulidad de contratos y otros actos jur\u00eddicos.<\/p>\n<p style=\"text-align: justify !important;\">Representaci\u00f3n a empresas y cond\u00f3minos as\u00ed como consejos de administraci\u00f3n y asociaciones de cond\u00f3minos relacionados con cuotas\u00a0 de mantenimiento y otras obligaciones condominales y por violaciones al reglamento entre otras.<\/p>\n<p style=\"text-align: justify !important;\">Acciones de recisi\u00f3n de contratos de arrendamiento, contratos de compraventa o cesi\u00f3n de derechos.<\/p>\n<p style=\"text-align: justify !important;\">Representaci\u00f3n en conflictos relacionados con la copropiedad.<\/p>\n<p style=\"text-align: justify !important;\">Disputas sobre linderos, posesi\u00f3n, despojo y servidumbres.<\/p>\n<p>[\/vc_column_text][\/vc_column_inner][\/vc_row_inner][vc_empty_space height=\u00bb20px\u00bb][\/vc_column][\/vc_row]<\/p>\n","protected":false},"excerpt":{"rendered":"<p>[vc_row full_width=\u00bbstretch_row\u00bb css=\u00bb.vc_custom_1496222705912{background-color: #f3f3f3 !important;}\u00bb el_class=\u00bbservices\u00bb][vc_column][vc_empty_space height=\u00bb20px\u00bb][vc_column_text el_class=\u00bbsection-title\u00bb]Nuestra pr\u00e1ctica profesional se enfoca principalmente en el \u00e1rea del derecho Civil, y en particular en el tema de Condominios, Inmobiliario, Contratos y Litigios Civiles relacionados con lo anterior.[\/vc_column_text][vc_empty_space height=\u00bb10px\u00bb][vc_row_inner el_class=\u00bbmain-container\u00bb][vc_column_inner el_class=\u00bbservice-block\u00bb width=\u00bb1\/4&#8243;][vc_icon icon_fontawesome=\u00bbfa fa-balance-scale\u00bb color=\u00bbcustom\u00bb size=\u00bblg\u00bb align=\u00bbcenter\u00bb][vc_custom_heading text=\u00bbCONDOMINIO\u00bb font_container=\u00bbtag:h4|text_align:center|color:%23333333&#8243; google_fonts=\u00bbfont_family:Oswald%3A300%2Cregular%2C700|font_style:400%20regular%3A400%3Anormal\u00bb][vc_column_text el_class=\u00bbhm-3-serdes\u00bb] Asesor\u00eda a cond\u00f3minos en los diversos [&hellip;]<\/p>\n","protected":false},"author":1,"featured_media":721,"parent":0,"menu_order":3,"comment_status":"closed","ping_status":"closed","template":"","meta":{"footnotes":""},"class_list":["post-28","page","type-page","status-publish","has-post-thumbnail","hentry"],"_links":{"self":[{"href":"https:\/\/garciamazin.com\/es\/wp-json\/wp\/v2\/pages\/28","targetHints":{"allow":["GET"]}}],"collection":[{"href":"https:\/\/garciamazin.com\/es\/wp-json\/wp\/v2\/pages"}],"about":[{"href":"https:\/\/garciamazin.com\/es\/wp-json\/wp\/v2\/types\/page"}],"author":[{"embeddable":true,"href":"https:\/\/garciamazin.com\/es\/wp-json\/wp\/v2\/users\/1"}],"replies":[{"embeddable":true,"href":"https:\/\/garciamazin.com\/es\/wp-json\/wp\/v2\/comments?post=28"}],"version-history":[{"count":13,"href":"https:\/\/garciamazin.com\/es\/wp-json\/wp\/v2\/pages\/28\/revisions"}],"predecessor-version":[{"id":702,"href":"https:\/\/garciamazin.com\/es\/wp-json\/wp\/v2\/pages\/28\/revisions\/702"}],"wp:featuredmedia":[{"embeddable":true,"href":"https:\/\/garciamazin.com\/es\/wp-json\/wp\/v2\/media\/721"}],"wp:attachment":[{"href":"https:\/\/garciamazin.com\/es\/wp-json\/wp\/v2\/media?parent=28"}],"curies":[{"name":"wp","href":"https:\/\/api.w.org\/{rel}","templated":true}]}}