{"id":10,"date":"2017-04-10T10:27:36","date_gmt":"2017-04-10T10:27:36","guid":{"rendered":"http:\/\/www.multipurposethemes.com\/wordpressdemo\/corporate\/corp05\/?page_id=10"},"modified":"2018-12-13T20:37:53","modified_gmt":"2018-12-13T20:37:53","slug":"quienes-somos","status":"publish","type":"page","link":"https:\/\/garciamazin.com\/es\/quienes-somos\/","title":{"rendered":"Quienes somos"},"content":{"rendered":"<p>[vc_row full_width=\u00bbstretch_row\u00bb css=\u00bb.vc_custom_1496223495288{padding-top: 50px !important;}\u00bb el_class=\u00bbabout\u00bb][vc_column width=\u00bb1\/2&#8243; el_class=\u00bbleft-side\u00bb][vc_single_image image=\u00bb524&#8243; img_size=\u00bblarge\u00bb alignment=\u00bbcenter\u00bb el_class=\u00bbabout-img\u00bb css=\u00bb.vc_custom_1510191383513{margin-bottom: 0px !important;padding-bottom: 20px !important;}\u00bb][\/vc_column][vc_column width=\u00bb1\/2&#8243;][vc_custom_heading text=\u00bb\u00bfQUI\u00c9N ES JOS\u00c9 LUIS?\u00bb font_container=\u00bbtag:h2|text_align:left|color:%23333333&#8243; google_fonts=\u00bbfont_family:Oswald%3A300%2Cregular%2C700|font_style:700%20bold%20regular%3A700%3Anormal\u00bb][vc_empty_space height=\u00bb20px\u00bb][vc_single_image image=\u00bb17&#8243; css=\u00bb.vc_custom_1496128763342{margin-bottom: 0px !important;}\u00bb el_class=\u00bbseperator\u00bb][vc_column_text]Nacido en Puerto Vallarta y con m\u00e1s de 22 a\u00f1os de experiencia ejerciendo en las \u00e1reas del derecho Civil y en particular en asuntos Inmobiliarios y de Condominios, el abogado Garc\u00eda Maz\u00edn es uno de los abogados recomendados por los consulados de Estados Unidos y Canad\u00e1 en la ciudad de Puerto Vallarta.<\/p>\n<p>Jos\u00e9 Luis es la segunda generaci\u00f3n de abogados en su familia y es hijo del prestigiado Abogado Jos\u00e9 Luis Garc\u00eda H\u00edjar (+) con qui\u00e9n colabor\u00f3 desde 1995 hasta el 2000 a\u00f1o de su fallecimiento, fecha en la que fund\u00f3 su despacho y que dirige hasta el d\u00eda de hoy.<\/p>\n<p>Garc\u00eda Mazin ha representado a un gran n\u00famero de residentes extranjeros principalmente de Estados Unidos y Canad\u00e1 en asuntos Inmobiliarios y de Condominios.<\/p>\n<p>Su despacho presta servicios legales preventivos, confiables y comprometidos con los asuntos de clientes que los contratan en Puerto Vallarta, Nuevo Vallarta, Punta Mita y la Riviera Nayarit.[\/vc_column_text][\/vc_column][\/vc_row]<\/p>\n","protected":false},"excerpt":{"rendered":"<p>[vc_row full_width=\u00bbstretch_row\u00bb css=\u00bb.vc_custom_1496223495288{padding-top: 50px !important;}\u00bb el_class=\u00bbabout\u00bb][vc_column width=\u00bb1\/2&#8243; el_class=\u00bbleft-side\u00bb][vc_single_image image=\u00bb524&#8243; img_size=\u00bblarge\u00bb alignment=\u00bbcenter\u00bb el_class=\u00bbabout-img\u00bb css=\u00bb.vc_custom_1510191383513{margin-bottom: 0px !important;padding-bottom: 20px !important;}\u00bb][\/vc_column][vc_column width=\u00bb1\/2&#8243;][vc_custom_heading text=\u00bb\u00bfQUI\u00c9N ES JOS\u00c9 LUIS?\u00bb font_container=\u00bbtag:h2|text_align:left|color:%23333333&#8243; google_fonts=\u00bbfont_family:Oswald%3A300%2Cregular%2C700|font_style:700%20bold%20regular%3A700%3Anormal\u00bb][vc_empty_space height=\u00bb20px\u00bb][vc_single_image image=\u00bb17&#8243; css=\u00bb.vc_custom_1496128763342{margin-bottom: 0px !important;}\u00bb el_class=\u00bbseperator\u00bb][vc_column_text]Nacido en Puerto Vallarta y con m\u00e1s de 22 a\u00f1os de experiencia ejerciendo en las \u00e1reas del derecho Civil y en particular en asuntos Inmobiliarios y [&hellip;]<\/p>\n","protected":false},"author":1,"featured_media":713,"parent":0,"menu_order":1,"comment_status":"closed","ping_status":"closed","template":"","meta":{"footnotes":""},"class_list":["post-10","page","type-page","status-publish","has-post-thumbnail","hentry"],"_links":{"self":[{"href":"https:\/\/garciamazin.com\/es\/wp-json\/wp\/v2\/pages\/10","targetHints":{"allow":["GET"]}}],"collection":[{"href":"https:\/\/garciamazin.com\/es\/wp-json\/wp\/v2\/pages"}],"about":[{"href":"https:\/\/garciamazin.com\/es\/wp-json\/wp\/v2\/types\/page"}],"author":[{"embeddable":true,"href":"https:\/\/garciamazin.com\/es\/wp-json\/wp\/v2\/users\/1"}],"replies":[{"embeddable":true,"href":"https:\/\/garciamazin.com\/es\/wp-json\/wp\/v2\/comments?post=10"}],"version-history":[{"count":11,"href":"https:\/\/garciamazin.com\/es\/wp-json\/wp\/v2\/pages\/10\/revisions"}],"predecessor-version":[{"id":637,"href":"https:\/\/garciamazin.com\/es\/wp-json\/wp\/v2\/pages\/10\/revisions\/637"}],"wp:featuredmedia":[{"embeddable":true,"href":"https:\/\/garciamazin.com\/es\/wp-json\/wp\/v2\/media\/713"}],"wp:attachment":[{"href":"https:\/\/garciamazin.com\/es\/wp-json\/wp\/v2\/media?parent=10"}],"curies":[{"name":"wp","href":"https:\/\/api.w.org\/{rel}","templated":true}]}}